{"id":750,"date":"2023-07-03T11:43:15","date_gmt":"2023-07-03T11:43:15","guid":{"rendered":"https:\/\/jorart.cz\/imprint\/"},"modified":"2023-10-18T11:58:38","modified_gmt":"2023-10-18T11:58:38","slug":"impresum","status":"publish","type":"page","link":"https:\/\/jorart.cz\/cs\/impresum\/","title":{"rendered":"Impresum"},"content":{"rendered":"<p>[et_pb_section fb_built=&#8220;1&#8243; _builder_version=&#8220;4.21.0&#8243; _module_preset=&#8220;default&#8220; global_colors_info=&#8220;{}&#8220;][et_pb_row _builder_version=&#8220;4.21.0&#8243; _module_preset=&#8220;default&#8220; global_colors_info=&#8220;{}&#8220;][et_pb_column type=&#8220;4_4&#8243; _builder_version=&#8220;4.21.0&#8243; _module_preset=&#8220;default&#8220; global_colors_info=&#8220;{}&#8220;][et_pb_text _builder_version=&#8220;4.21.0&#8243; _module_preset=&#8220;default&#8220; vertical_offset_tablet=&#8220;0&#8243; horizontal_offset_tablet=&#8220;0&#8243; z_index_tablet=&#8220;0&#8243; text_text_shadow_horizontal_length_tablet=&#8220;0px&#8220; text_text_shadow_vertical_length_tablet=&#8220;0px&#8220; text_text_shadow_blur_strength_tablet=&#8220;1px&#8220; link_text_shadow_horizontal_length_tablet=&#8220;0px&#8220; link_text_shadow_vertical_length_tablet=&#8220;0px&#8220; link_text_shadow_blur_strength_tablet=&#8220;1px&#8220; ul_text_shadow_horizontal_length_tablet=&#8220;0px&#8220; ul_text_shadow_vertical_length_tablet=&#8220;0px&#8220; ul_text_shadow_blur_strength_tablet=&#8220;1px&#8220; ol_text_shadow_horizontal_length_tablet=&#8220;0px&#8220; ol_text_shadow_vertical_length_tablet=&#8220;0px&#8220; ol_text_shadow_blur_strength_tablet=&#8220;1px&#8220; quote_text_shadow_horizontal_length_tablet=&#8220;0px&#8220; quote_text_shadow_vertical_length_tablet=&#8220;0px&#8220; quote_text_shadow_blur_strength_tablet=&#8220;1px&#8220; header_text_shadow_horizontal_length_tablet=&#8220;0px&#8220; header_text_shadow_vertical_length_tablet=&#8220;0px&#8220; header_text_shadow_blur_strength_tablet=&#8220;1px&#8220; header_2_text_shadow_horizontal_length_tablet=&#8220;0px&#8220; header_2_text_shadow_vertical_length_tablet=&#8220;0px&#8220; header_2_text_shadow_blur_strength_tablet=&#8220;1px&#8220; header_3_text_shadow_horizontal_length_tablet=&#8220;0px&#8220; header_3_text_shadow_vertical_length_tablet=&#8220;0px&#8220; header_3_text_shadow_blur_strength_tablet=&#8220;1px&#8220; header_4_text_shadow_horizontal_length_tablet=&#8220;0px&#8220; header_4_text_shadow_vertical_length_tablet=&#8220;0px&#8220; header_4_text_shadow_blur_strength_tablet=&#8220;1px&#8220; header_5_text_shadow_horizontal_length_tablet=&#8220;0px&#8220; header_5_text_shadow_vertical_length_tablet=&#8220;0px&#8220; header_5_text_shadow_blur_strength_tablet=&#8220;1px&#8220; header_6_text_shadow_horizontal_length_tablet=&#8220;0px&#8220; header_6_text_shadow_vertical_length_tablet=&#8220;0px&#8220; header_6_text_shadow_blur_strength_tablet=&#8220;1px&#8220; box_shadow_horizontal_tablet=&#8220;0px&#8220; box_shadow_vertical_tablet=&#8220;0px&#8220; box_shadow_blur_tablet=&#8220;40px&#8220; box_shadow_spread_tablet=&#8220;0px&#8220; global_colors_info=&#8220;{}&#8220;]<\/p>\n<p>JorArt-CZ s.r.o. se s\u00eddlem Tovarni 1362, 35601 Sokolov, I\u010c 26407264, spole\u010dnost zapsan\u00e1 v obchodn\u00edm rejst\u0159\u00edku veden\u00e9m Krajsk\u00fdm soudem v Plzni pod sp. zn. C 18259<br \/>Telefon: <a href=\"tel:(+420) 35497843-0\">(+420) 35497843-0<\/a><br \/>Email: <a href=\"mailto:info@jorart.cz\">info@jorart.cz<\/a><\/p>\n<h2>Jednatel a odpov\u011bdn\u00e1 osoba:<\/h2>\n<p>Andrea Pr\u016f\u0161ov\u00e1, Ji\u0159\u00edho z Pod\u011bbrad 2015, 356 01 Sokolov<br \/>Na\u0161e figurky se vyr\u00e1b\u011bj\u00ed dle sto let star\u00e9 receptury, kter\u00e1 obsahuje p\u0159ibli\u017en\u011b 55 % Sn, 39 % Pb a 6 % Sb. Nejedn\u00e1 se o hra\u010dky, n\u00fdbr\u017e sb\u011bratelsk\u00e9 p\u0159edm\u011bty, kter\u00e9 nejsou vhodn\u00e9 pro d\u011bti do 14 let.<\/p>\n<h2>Pr\u00e1vn\u00ed informace o webov\u00fdch str\u00e1nk\u00e1ch<\/h2>\n<p>V\u0161echny texty, obr\u00e1zky a dal\u0161\u00ed zve\u0159ej\u0148ovan\u00e9 informace podl\u00e9haj\u00ed pr\u00e1v\u016fm poskytovatele, pokud neexistuj\u00ed pr\u00e1va t\u0159et\u00edch osob. Kop\u00edrov\u00e1n\u00ed a \u0161\u00ed\u0159en\u00ed je v ka\u017ed\u00e9m p\u0159\u00edpad\u011b povoleno pouze s odvolateln\u00fdm a nep\u0159enosn\u00fdm souhlasem poskytovatele. Odkazov\u00e1n\u00ed na str\u00e1nky nez\u00e1konn\u00fdm, ur\u00e1\u017eliv\u00fdm, zav\u00e1d\u011bj\u00edc\u00edm nebo hanliv\u00fdm zp\u016fsobem je v ka\u017ed\u00e9m p\u0159\u00edpad\u011b vylou\u010deno.<\/p>\n<p>Obsah webov\u00fdch str\u00e1nek je vytv\u00e1\u0159en s maxim\u00e1ln\u00ed pe\u010dlivost\u00ed. P\u0159esto nelze zaru\u010dit aktu\u00e1lnost a \u00faplnost obsahu.<br \/>Poskytovatel nep\u0159eb\u00edr\u00e1 \u017e\u00e1dnou odpov\u011bdnost za obsah webov\u00fdch str\u00e1nek, na kter\u00e9 je odkazov\u00e1no, proto\u017ee se nejedn\u00e1 o vlastn\u00ed obsah poskytovatele. Extern\u00ed odkazy byly zkontrolov\u00e1ny na v\u00fdskyt neleg\u00e1ln\u00edho obsahu; v dob\u011b odkazov\u00e1n\u00ed nebyl \u017e\u00e1dn\u00fd takov\u00fd obsah identifikov\u00e1n. Neexistuje v\u0161ak obecn\u00e1 povinnost sledovat a kontrolovat extern\u00ed obsah.<\/p>\n<p>Uveden\u00e9 ochrann\u00e9 zn\u00e1mky a n\u00e1zvy zna\u010dek jsou majetkem p\u0159\u00edslu\u0161n\u00fdch vlastn\u00edk\u016f.<\/p>\n<p>Online \u0159e\u0161en\u00ed spor\u016f dle \u010dl. 14 odst. 1 na\u0159\u00edzen\u00ed evropsk\u00e9ho parlamentu a rady (EU) \u010d. 524\/2012 ze dne 21. kv\u011btna 2013 o \u0159e\u0161en\u00ed spot\u0159ebitelsk\u00fdch spor\u016f online, najdete na adrese: http:\/\/ec.europa.eu\/consumers\/odr\/<\/p>\n<p>[\/et_pb_text][\/et_pb_column][\/et_pb_row][\/et_pb_section]<\/p>\n","protected":false},"excerpt":{"rendered":"<p>JorArt-CZ s.r.o. se s\u00eddlem Tovarni 1362, 35601 Sokolov, I\u010c 26407264, spole\u010dnost zapsan\u00e1 v obchodn\u00edm rejst\u0159\u00edku veden\u00e9m Krajsk\u00fdm soudem v Plzni pod sp. zn. C 18259Telefon: (+420) 35497843-0Email: info@jorart.cz Jednatel a odpov\u011bdn\u00e1 osoba: Andrea Pr\u016f\u0161ov\u00e1, Ji\u0159\u00edho z Pod\u011bbrad 2015, 356 01 SokolovNa\u0161e figurky se vyr\u00e1b\u011bj\u00ed dle sto let star\u00e9 receptury, kter\u00e1 obsahuje p\u0159ibli\u017en\u011b 55 % Sn, [&hellip;]<\/p>\n","protected":false},"author":1,"featured_media":0,"parent":0,"menu_order":0,"comment_status":"closed","ping_status":"closed","template":"","meta":{"_et_pb_use_builder":"on","_et_pb_old_content":"","_et_gb_content_width":"","om_disable_all_campaigns":false,"_monsterinsights_skip_tracking":false,"_monsterinsights_sitenote_active":false,"_monsterinsights_sitenote_note":"","_monsterinsights_sitenote_category":0,"footnotes":""},"class_list":["post-750","page","type-page","status-publish","hentry"],"aioseo_notices":[],"_links":{"self":[{"href":"https:\/\/jorart.cz\/cs\/wp-json\/wp\/v2\/pages\/750","targetHints":{"allow":["GET"]}}],"collection":[{"href":"https:\/\/jorart.cz\/cs\/wp-json\/wp\/v2\/pages"}],"about":[{"href":"https:\/\/jorart.cz\/cs\/wp-json\/wp\/v2\/types\/page"}],"author":[{"embeddable":true,"href":"https:\/\/jorart.cz\/cs\/wp-json\/wp\/v2\/users\/1"}],"replies":[{"embeddable":true,"href":"https:\/\/jorart.cz\/cs\/wp-json\/wp\/v2\/comments?post=750"}],"version-history":[{"count":6,"href":"https:\/\/jorart.cz\/cs\/wp-json\/wp\/v2\/pages\/750\/revisions"}],"predecessor-version":[{"id":973,"href":"https:\/\/jorart.cz\/cs\/wp-json\/wp\/v2\/pages\/750\/revisions\/973"}],"wp:attachment":[{"href":"https:\/\/jorart.cz\/cs\/wp-json\/wp\/v2\/media?parent=750"}],"curies":[{"name":"wp","href":"https:\/\/api.w.org\/{rel}","templated":true}]}}