{"id":748,"date":"2023-07-03T11:42:10","date_gmt":"2023-07-03T11:42:10","guid":{"rendered":"https:\/\/jorart.cz\/terms-of-use\/"},"modified":"2023-09-12T11:47:57","modified_gmt":"2023-09-12T11:47:57","slug":"ochrana-dat","status":"publish","type":"page","link":"https:\/\/jorart.cz\/cs\/ochrana-dat\/","title":{"rendered":"Ochrana dat"},"content":{"rendered":"<p>[et_pb_section bb_built=&#8220;1&#8243; custom_padding_last_edited=&#8220;on|tablet&#8220; _builder_version=&#8220;4.21.0&#8243; _module_preset=&#8220;default&#8220; vertical_offset_tablet=&#8220;0&#8243; horizontal_offset_tablet=&#8220;0&#8243; custom_padding=&#8220;30px||30px||false|false&#8220; custom_padding_tablet=&#8220;|0px||0px|false|false&#8220; custom_padding_phone=&#8220;|0px||0px|false|false&#8220; box_shadow_horizontal_tablet=&#8220;0px&#8220; box_shadow_vertical_tablet=&#8220;0px&#8220; box_shadow_blur_tablet=&#8220;40px&#8220; box_shadow_spread_tablet=&#8220;0px&#8220; global_colors_info=&#8220;{}&#8220;][et_pb_row _builder_version=&#8220;4.21.0&#8243; vertical_offset_tablet=&#8220;0&#8243; horizontal_offset_tablet=&#8220;0&#8243; custom_margin=&#8220;58px||58px||false|false&#8220; custom_padding=&#8220;0px||0px||false|false&#8220; z_index_tablet=&#8220;0&#8243; box_shadow_horizontal_tablet=&#8220;0px&#8220; box_shadow_vertical_tablet=&#8220;0px&#8220; box_shadow_blur_tablet=&#8220;40px&#8220; box_shadow_spread_tablet=&#8220;0px&#8220; global_colors_info=&#8220;{}&#8220;][et_pb_column type=&#8220;4_4&#8243; _builder_version=&#8220;4.21.0&#8243; custom_padding=&#8220;|||&#8220; global_colors_info=&#8220;{}&#8220; custom_padding__hover=&#8220;|||&#8220;][et_pb_text _builder_version=&#8220;4.21.0&#8243; text_font=&#8220;helvetica||||||||&#8220; text_text_color=&#8220;#6f6f71&#8243; vertical_offset_tablet=&#8220;0&#8243; horizontal_offset_tablet=&#8220;0&#8243; custom_margin=&#8220;0px|||&#8220; custom_padding_last_edited=&#8220;on|desktop&#8220; text_font_size_tablet=&#8220;18px&#8220; text_font_size_phone=&#8220;16px&#8220; text_font_size_last_edited=&#8220;on|tablet&#8220; text_line_height_last_edited=&#8220;off|&#8220; z_index_tablet=&#8220;0&#8243; text_text_shadow_horizontal_length_tablet=&#8220;0px&#8220; text_text_shadow_vertical_length_tablet=&#8220;0px&#8220; text_text_shadow_blur_strength_tablet=&#8220;1px&#8220; link_text_shadow_horizontal_length_tablet=&#8220;0px&#8220; link_text_shadow_vertical_length_tablet=&#8220;0px&#8220; link_text_shadow_blur_strength_tablet=&#8220;1px&#8220; ul_text_shadow_horizontal_length_tablet=&#8220;0px&#8220; ul_text_shadow_vertical_length_tablet=&#8220;0px&#8220; ul_text_shadow_blur_strength_tablet=&#8220;1px&#8220; ol_text_shadow_horizontal_length_tablet=&#8220;0px&#8220; ol_text_shadow_vertical_length_tablet=&#8220;0px&#8220; ol_text_shadow_blur_strength_tablet=&#8220;1px&#8220; quote_text_shadow_horizontal_length_tablet=&#8220;0px&#8220; quote_text_shadow_vertical_length_tablet=&#8220;0px&#8220; quote_text_shadow_blur_strength_tablet=&#8220;1px&#8220; header_text_shadow_horizontal_length_tablet=&#8220;0px&#8220; header_text_shadow_vertical_length_tablet=&#8220;0px&#8220; header_text_shadow_blur_strength_tablet=&#8220;1px&#8220; header_2_text_shadow_horizontal_length_tablet=&#8220;0px&#8220; header_2_text_shadow_vertical_length_tablet=&#8220;0px&#8220; header_2_text_shadow_blur_strength_tablet=&#8220;1px&#8220; header_3_text_shadow_horizontal_length_tablet=&#8220;0px&#8220; header_3_text_shadow_vertical_length_tablet=&#8220;0px&#8220; header_3_text_shadow_blur_strength_tablet=&#8220;1px&#8220; header_4_text_shadow_horizontal_length_tablet=&#8220;0px&#8220; header_4_text_shadow_vertical_length_tablet=&#8220;0px&#8220; header_4_text_shadow_blur_strength_tablet=&#8220;1px&#8220; header_5_text_shadow_horizontal_length_tablet=&#8220;0px&#8220; header_5_text_shadow_vertical_length_tablet=&#8220;0px&#8220; header_5_text_shadow_blur_strength_tablet=&#8220;1px&#8220; header_6_text_shadow_horizontal_length_tablet=&#8220;0px&#8220; header_6_text_shadow_vertical_length_tablet=&#8220;0px&#8220; header_6_text_shadow_blur_strength_tablet=&#8220;1px&#8220; box_shadow_horizontal_tablet=&#8220;0px&#8220; box_shadow_vertical_tablet=&#8220;0px&#8220; box_shadow_blur_tablet=&#8220;40px&#8220; box_shadow_spread_tablet=&#8220;0px&#8220; global_colors_info=&#8220;{}&#8220; background_pattern_color=&#8220;rgba(0,0,0,0.2)&#8220; background_mask_color=&#8220;#ffffff&#8220; text_text_shadow_horizontal_length=&#8220;text_text_shadow_style,%91object Object%93&#8243; text_text_shadow_vertical_length=&#8220;text_text_shadow_style,%91object Object%93&#8243; text_text_shadow_blur_strength=&#8220;text_text_shadow_style,%91object Object%93&#8243; link_text_shadow_horizontal_length=&#8220;link_text_shadow_style,%91object Object%93&#8243; link_text_shadow_vertical_length=&#8220;link_text_shadow_style,%91object Object%93&#8243; link_text_shadow_blur_strength=&#8220;link_text_shadow_style,%91object Object%93&#8243; ul_text_shadow_horizontal_length=&#8220;ul_text_shadow_style,%91object Object%93&#8243; ul_text_shadow_vertical_length=&#8220;ul_text_shadow_style,%91object Object%93&#8243; ul_text_shadow_blur_strength=&#8220;ul_text_shadow_style,%91object Object%93&#8243; ol_text_shadow_horizontal_length=&#8220;ol_text_shadow_style,%91object Object%93&#8243; ol_text_shadow_vertical_length=&#8220;ol_text_shadow_style,%91object Object%93&#8243; ol_text_shadow_blur_strength=&#8220;ol_text_shadow_style,%91object Object%93&#8243; quote_text_shadow_horizontal_length=&#8220;quote_text_shadow_style,%91object Object%93&#8243; quote_text_shadow_vertical_length=&#8220;quote_text_shadow_style,%91object Object%93&#8243; quote_text_shadow_blur_strength=&#8220;quote_text_shadow_style,%91object Object%93&#8243; header_text_shadow_horizontal_length=&#8220;header_text_shadow_style,%91object Object%93&#8243; header_text_shadow_vertical_length=&#8220;header_text_shadow_style,%91object Object%93&#8243; header_text_shadow_blur_strength=&#8220;header_text_shadow_style,%91object Object%93&#8243; header_2_text_shadow_horizontal_length=&#8220;header_2_text_shadow_style,%91object Object%93&#8243; header_2_text_shadow_vertical_length=&#8220;header_2_text_shadow_style,%91object Object%93&#8243; header_2_text_shadow_blur_strength=&#8220;header_2_text_shadow_style,%91object Object%93&#8243; header_3_text_shadow_horizontal_length=&#8220;header_3_text_shadow_style,%91object Object%93&#8243; header_3_text_shadow_vertical_length=&#8220;header_3_text_shadow_style,%91object Object%93&#8243; header_3_text_shadow_blur_strength=&#8220;header_3_text_shadow_style,%91object Object%93&#8243; header_4_text_shadow_horizontal_length=&#8220;header_4_text_shadow_style,%91object Object%93&#8243; header_4_text_shadow_vertical_length=&#8220;header_4_text_shadow_style,%91object Object%93&#8243; header_4_text_shadow_blur_strength=&#8220;header_4_text_shadow_style,%91object Object%93&#8243; header_5_text_shadow_horizontal_length=&#8220;header_5_text_shadow_style,%91object Object%93&#8243; header_5_text_shadow_vertical_length=&#8220;header_5_text_shadow_style,%91object Object%93&#8243; header_5_text_shadow_blur_strength=&#8220;header_5_text_shadow_style,%91object Object%93&#8243; header_6_text_shadow_horizontal_length=&#8220;header_6_text_shadow_style,%91object Object%93&#8243; header_6_text_shadow_vertical_length=&#8220;header_6_text_shadow_style,%91object Object%93&#8243; header_6_text_shadow_blur_strength=&#8220;header_6_text_shadow_style,%91object Object%93&#8243;]<\/p>\n<h2>\u00davod <\/h2>\n<p>V\u00edtejte na JorArt.cz P\u0159\u00edstupem a pou\u017e\u00edv\u00e1n\u00edm tohoto webu souhlas\u00edte s dodr\u017eov\u00e1n\u00edm a v\u00e1z\u00e1n\u00edm se n\u00e1sleduj\u00edc\u00edmi podm\u00ednkami u\u017e\u00edv\u00e1n\u00ed. Pokud nesouhlas\u00edte s jakoukoli \u010d\u00e1st\u00ed t\u011bchto podm\u00ednek, nepou\u017e\u00edvejte pros\u00edm n\u00e1\u0161 web.<\/p>\n<h2>Du\u0161evn\u00ed vlastnictv\u00ed <\/h2>\n<p>Ve\u0161ker\u00fd obsah, grafika, u\u017eivatelsk\u00e1 rozhran\u00ed, vizu\u00e1ln\u00ed rozhran\u00ed, fotografie, ochrann\u00e9 zn\u00e1mky, loga a po\u010d\u00edta\u010dov\u00fd k\u00f3d (spole\u010dn\u011b &#8222;Obsah&#8220;), v\u010detn\u011b, ale nejen designu, struktury, v\u00fdb\u011bru, koordinace, vyj\u00e1d\u0159en\u00ed a uspo\u0159\u00e1d\u00e1n\u00ed takov\u00e9ho obsahu, obsa\u017een\u00e9ho na webu, je vlastn\u011bn, kontrolov\u00e1n nebo licencov\u00e1n JorArt-CZ s.r.o. a je chr\u00e1n\u011bn autorsk\u00fdm, patentov\u00fdm a ochrann\u00fdm zn\u00e1mkov\u00fdm pr\u00e1vem.<\/p>\n<h2>Chov\u00e1n\u00ed u\u017eivatele <\/h2>\n<p>U\u017eivatel\u016fm je zak\u00e1z\u00e1no:<\/p>\n<ul class=\"mainul\">\n<li> Zve\u0159ej\u0148ovat nebo p\u0159en\u00e1\u0161et jak\u00fdkoli nez\u00e1konn\u00fd, hroz\u00edc\u00ed, zneu\u017e\u00edvaj\u00edc\u00ed, pomlouva\u010dn\u00fd, hanliv\u00fd, obsc\u00e9nn\u00ed nebo pornografick\u00fd materi\u00e1l.<\/li>\n<li> Pou\u017e\u00edvat web k prov\u00e1d\u011bn\u00ed jak\u00e9koli \u010dinnosti, kter\u00e1 by p\u0159edstavovala poru\u0161en\u00ed m\u00edstn\u00edho, st\u00e1tn\u00edho, n\u00e1rodn\u00edho nebo mezin\u00e1rodn\u00edho pr\u00e1va.<\/li>\n<li> Pokou\u0161et se jak\u00fdmkoli zp\u016fsobem naru\u0161it bezpe\u010dnost s\u00edt\u011b webu nebo JorArt-CZ s.r.o.<\/li>\n<\/ul>\n<h2>Omezen\u00ed odpov\u011bdnosti <\/h2>\n<p>JorArt-CZ s.r.o. neodpov\u00edd\u00e1 za \u017e\u00e1dn\u00e9 \u0161kody, v\u010detn\u011b p\u0159\u00edm\u00fdch, nep\u0159\u00edm\u00fdch, n\u00e1hodn\u00fdch, n\u00e1sledn\u00fdch nebo zvl\u00e1\u0161tn\u00edch \u0161kod vznikl\u00fdch v souvislosti s pou\u017e\u00edv\u00e1n\u00edm nebo neschopnost\u00ed pou\u017e\u00edvat web.<\/p>\n<h2>Zm\u011bny podm\u00ednek <\/h2>\n<p>JorArt-CZ s.r.o. si vyhrazuje pr\u00e1vo kdykoli m\u011bnit, upravovat nebo revidovat tyto podm\u00ednky u\u017e\u00edv\u00e1n\u00ed. U\u017eivatel\u00e9 jsou odpov\u011bdn\u00ed za pravideln\u00e9 p\u0159ezkoum\u00e1v\u00e1n\u00ed t\u011bchto podm\u00ednek. Pokra\u010dov\u00e1n\u00edm v pou\u017e\u00edv\u00e1n\u00ed webu po takov\u00fdch zm\u011bn\u00e1ch vyjad\u0159ujete sv\u016fj souhlas s takov\u00fdmi zm\u011bnami.<\/p>\n<h2>Platn\u00e9 pr\u00e1vo <\/h2>\n<p>Tyto podm\u00ednky jsou \u0159\u00edzeny a vykl\u00e1d\u00e1ny v souladu s pr\u00e1vy \u010cesk\u00e9 republiky a neodvolateln\u011b se pod\u0159izujete v\u00fdlu\u010dn\u00e9 jurisdikci soud\u016f v t\u00e9to lokalit\u011b.<\/p>\n<h2>Kontakt <\/h2>\n<p>Pokud m\u00e1te jak\u00e9koli ot\u00e1zky t\u00fdkaj\u00edc\u00ed se t\u011bchto Podm\u00ednek u\u017e\u00edv\u00e1n\u00ed, kontaktujte n\u00e1s pros\u00edm na <a href=\"mailto:Info@jorart.cz\">Info@jorart.cz<\/a><\/p>\n<p>[\/et_pb_text][\/et_pb_column][\/et_pb_row][\/et_pb_section]<\/p>\n","protected":false},"excerpt":{"rendered":"<p>\u00davod V\u00edtejte na JorArt.cz P\u0159\u00edstupem a pou\u017e\u00edv\u00e1n\u00edm tohoto webu souhlas\u00edte s dodr\u017eov\u00e1n\u00edm a v\u00e1z\u00e1n\u00edm se n\u00e1sleduj\u00edc\u00edmi podm\u00ednkami u\u017e\u00edv\u00e1n\u00ed. Pokud nesouhlas\u00edte s jakoukoli \u010d\u00e1st\u00ed t\u011bchto podm\u00ednek, nepou\u017e\u00edvejte pros\u00edm n\u00e1\u0161 web. Du\u0161evn\u00ed vlastnictv\u00ed Ve\u0161ker\u00fd obsah, grafika, u\u017eivatelsk\u00e1 rozhran\u00ed, vizu\u00e1ln\u00ed rozhran\u00ed, fotografie, ochrann\u00e9 zn\u00e1mky, loga a po\u010d\u00edta\u010dov\u00fd k\u00f3d (spole\u010dn\u011b &#8222;Obsah&#8220;), v\u010detn\u011b, ale nejen designu, struktury, v\u00fdb\u011bru, koordinace, vyj\u00e1d\u0159en\u00ed [&hellip;]<\/p>\n","protected":false},"author":1,"featured_media":0,"parent":0,"menu_order":0,"comment_status":"closed","ping_status":"closed","template":"","meta":{"_et_pb_use_builder":"on","_et_pb_old_content":"","_et_gb_content_width":"","om_disable_all_campaigns":false,"_monsterinsights_skip_tracking":false,"_monsterinsights_sitenote_active":false,"_monsterinsights_sitenote_note":"","_monsterinsights_sitenote_category":0,"footnotes":""},"class_list":["post-748","page","type-page","status-publish","hentry"],"aioseo_notices":[],"_links":{"self":[{"href":"https:\/\/jorart.cz\/cs\/wp-json\/wp\/v2\/pages\/748","targetHints":{"allow":["GET"]}}],"collection":[{"href":"https:\/\/jorart.cz\/cs\/wp-json\/wp\/v2\/pages"}],"about":[{"href":"https:\/\/jorart.cz\/cs\/wp-json\/wp\/v2\/types\/page"}],"author":[{"embeddable":true,"href":"https:\/\/jorart.cz\/cs\/wp-json\/wp\/v2\/users\/1"}],"replies":[{"embeddable":true,"href":"https:\/\/jorart.cz\/cs\/wp-json\/wp\/v2\/comments?post=748"}],"version-history":[{"count":11,"href":"https:\/\/jorart.cz\/cs\/wp-json\/wp\/v2\/pages\/748\/revisions"}],"predecessor-version":[{"id":919,"href":"https:\/\/jorart.cz\/cs\/wp-json\/wp\/v2\/pages\/748\/revisions\/919"}],"wp:attachment":[{"href":"https:\/\/jorart.cz\/cs\/wp-json\/wp\/v2\/media?parent=748"}],"curies":[{"name":"wp","href":"https:\/\/api.w.org\/{rel}","templated":true}]}}