{"id":736,"date":"2023-07-05T04:18:47","date_gmt":"2023-07-05T04:18:47","guid":{"rendered":"https:\/\/jorart.cz\/working\/"},"modified":"2023-08-22T12:17:24","modified_gmt":"2023-08-22T12:17:24","slug":"prace","status":"publish","type":"page","link":"https:\/\/jorart.cz\/cs\/prace\/","title":{"rendered":"prace"},"content":{"rendered":"<p>[et_pb_section fb_built=&#8220;1&#8243; _builder_version=&#8220;4.21.0&#8243; _module_preset=&#8220;default&#8220; vertical_offset_tablet=&#8220;0&#8243; horizontal_offset_tablet=&#8220;0&#8243; custom_padding=&#8220;20px||20px||false|false&#8220; box_shadow_horizontal_tablet=&#8220;0px&#8220; box_shadow_vertical_tablet=&#8220;0px&#8220; box_shadow_blur_tablet=&#8220;40px&#8220; box_shadow_spread_tablet=&#8220;0px&#8220; global_colors_info=&#8220;{}&#8220;][et_pb_row _builder_version=&#8220;4.21.0&#8243; vertical_offset_tablet=&#8220;0&#8243; horizontal_offset_tablet=&#8220;0&#8243; custom_padding=&#8220;0px|||&#8220; z_index_tablet=&#8220;0&#8243; box_shadow_horizontal_tablet=&#8220;0px&#8220; box_shadow_vertical_tablet=&#8220;0px&#8220; box_shadow_blur_tablet=&#8220;40px&#8220; box_shadow_spread_tablet=&#8220;0px&#8220; global_colors_info=&#8220;{}&#8220;][et_pb_column type=&#8220;4_4&#8243; _builder_version=&#8220;4.16&#8243; custom_padding=&#8220;|||&#8220; global_colors_info=&#8220;{}&#8220; custom_padding__hover=&#8220;|||&#8220;][et_pb_text _builder_version=&#8220;4.21.0&#8243; text_font=&#8220;TriviaSans-Bold||||||||&#8220; text_text_color=&#8220;#6f6f71&#8243; vertical_offset_tablet=&#8220;0&#8243; horizontal_offset_tablet=&#8220;0&#8243; custom_margin=&#8220;0px|||&#8220; hover_enabled=&#8220;0&#8243; text_font_size_tablet=&#8220;20px&#8220; text_font_size_phone=&#8220;16px&#8220; text_font_size_last_edited=&#8220;on|tablet&#8220; z_index_tablet=&#8220;0&#8243; text_text_shadow_horizontal_length_tablet=&#8220;0px&#8220; text_text_shadow_vertical_length_tablet=&#8220;0px&#8220; text_text_shadow_blur_strength_tablet=&#8220;1px&#8220; link_text_shadow_horizontal_length_tablet=&#8220;0px&#8220; link_text_shadow_vertical_length_tablet=&#8220;0px&#8220; link_text_shadow_blur_strength_tablet=&#8220;1px&#8220; ul_text_shadow_horizontal_length_tablet=&#8220;0px&#8220; ul_text_shadow_vertical_length_tablet=&#8220;0px&#8220; ul_text_shadow_blur_strength_tablet=&#8220;1px&#8220; ol_text_shadow_horizontal_length_tablet=&#8220;0px&#8220; ol_text_shadow_vertical_length_tablet=&#8220;0px&#8220; ol_text_shadow_blur_strength_tablet=&#8220;1px&#8220; quote_text_shadow_horizontal_length_tablet=&#8220;0px&#8220; quote_text_shadow_vertical_length_tablet=&#8220;0px&#8220; quote_text_shadow_blur_strength_tablet=&#8220;1px&#8220; header_text_shadow_horizontal_length_tablet=&#8220;0px&#8220; header_text_shadow_vertical_length_tablet=&#8220;0px&#8220; header_text_shadow_blur_strength_tablet=&#8220;1px&#8220; header_2_text_shadow_horizontal_length_tablet=&#8220;0px&#8220; header_2_text_shadow_vertical_length_tablet=&#8220;0px&#8220; header_2_text_shadow_blur_strength_tablet=&#8220;1px&#8220; header_3_text_shadow_horizontal_length_tablet=&#8220;0px&#8220; header_3_text_shadow_vertical_length_tablet=&#8220;0px&#8220; header_3_text_shadow_blur_strength_tablet=&#8220;1px&#8220; header_4_text_shadow_horizontal_length_tablet=&#8220;0px&#8220; header_4_text_shadow_vertical_length_tablet=&#8220;0px&#8220; header_4_text_shadow_blur_strength_tablet=&#8220;1px&#8220; header_5_text_shadow_horizontal_length_tablet=&#8220;0px&#8220; header_5_text_shadow_vertical_length_tablet=&#8220;0px&#8220; header_5_text_shadow_blur_strength_tablet=&#8220;1px&#8220; header_6_text_shadow_horizontal_length_tablet=&#8220;0px&#8220; header_6_text_shadow_vertical_length_tablet=&#8220;0px&#8220; header_6_text_shadow_blur_strength_tablet=&#8220;1px&#8220; box_shadow_horizontal_tablet=&#8220;0px&#8220; box_shadow_vertical_tablet=&#8220;0px&#8220; box_shadow_blur_tablet=&#8220;40px&#8220; box_shadow_spread_tablet=&#8220;0px&#8220; global_colors_info=&#8220;{}&#8220; sticky_enabled=&#8220;0&#8243;]<br \/>\nNa\u0161i mal\u00ed\u0159i prov\u00e1d\u00ed nejen filigr\u00e1nskou malbu podle p\u0159\u00e1n\u00ed z\u00e1kazn\u00edka, ale maj\u00ed i velkou um\u011bleckou svobodu a mohou tak p\u0159isp\u011bt vlastn\u00ed kreativitou a n\u00e1pady.<\/p>\n<p>Pokud u n\u00e1s bude\u0161 pracovat jako mal\u00ed\u0159\/ka, m\u016f\u017ee\u0161 ze sv\u00e9ho \u0159emesln\u011b-um\u011bleck\u00e9ho pot\u011b\u0161en\u00ed ud\u011blat sv\u00e9 zam\u011bstn\u00e1n\u00ed. Pot\u0159ebuje\u0161 k tomu jen trochu talentu, trp\u011blivosti a l\u00e1sky k detailu. A na\u0161i zku\u0161en\u00ed mal\u00ed\u0159i jsou Ti tak\u00e9 samoz\u0159ejm\u011b kdykoliv k dispozici.<\/p>\n<p>Sv\u00e9 zam\u011bstn\u00e1n\u00ed si u n\u00e1s m\u016f\u017ee\u0161 organizovat velmi flexibiln\u011b: bu\u010f na \u010d\u00e1ste\u010dn\u00fd nebo pln\u00fd \u00favazek nebo z domova \u010di u n\u00e1s ve firm\u011b. Svou pracovn\u00ed n\u00e1pl\u0148 si ur\u010duje\u0161 podle sv\u00fdch osobn\u00edch p\u0159\u00e1n\u00ed a okolnost\u00ed. Kolik si vyd\u011bl\u00e1\u0161 m\u00e1\u0161 tedy zcela ve sv\u00fdch rukou.<\/p>\n<p>Vzbudili jsme Tv\u016fj z\u00e1jem? Pak n\u00e1s tedy nez\u00e1vazn\u011b kontaktuj.[\/et_pb_text][\/et_pb_column][\/et_pb_row][\/et_pb_section]<\/p>\n","protected":false},"excerpt":{"rendered":"<p>Na\u0161i mal\u00ed\u0159i prov\u00e1d\u00ed nejen filigr\u00e1nskou malbu podle p\u0159\u00e1n\u00ed z\u00e1kazn\u00edka, ale maj\u00ed i velkou um\u011bleckou svobodu a mohou tak p\u0159isp\u011bt vlastn\u00ed kreativitou a n\u00e1pady. Pokud u n\u00e1s bude\u0161 pracovat jako mal\u00ed\u0159\/ka, m\u016f\u017ee\u0161 ze sv\u00e9ho \u0159emesln\u011b-um\u011bleck\u00e9ho pot\u011b\u0161en\u00ed ud\u011blat sv\u00e9 zam\u011bstn\u00e1n\u00ed. Pot\u0159ebuje\u0161 k tomu jen trochu talentu, trp\u011blivosti a l\u00e1sky k detailu. A na\u0161i zku\u0161en\u00ed mal\u00ed\u0159i jsou Ti [&hellip;]<\/p>\n","protected":false},"author":1,"featured_media":0,"parent":0,"menu_order":0,"comment_status":"closed","ping_status":"closed","template":"","meta":{"_et_pb_use_builder":"on","_et_pb_old_content":"","_et_gb_content_width":"","om_disable_all_campaigns":false,"_monsterinsights_skip_tracking":false,"_monsterinsights_sitenote_active":false,"_monsterinsights_sitenote_note":"","_monsterinsights_sitenote_category":0,"footnotes":""},"class_list":["post-736","page","type-page","status-publish","hentry"],"aioseo_notices":[],"_links":{"self":[{"href":"https:\/\/jorart.cz\/cs\/wp-json\/wp\/v2\/pages\/736","targetHints":{"allow":["GET"]}}],"collection":[{"href":"https:\/\/jorart.cz\/cs\/wp-json\/wp\/v2\/pages"}],"about":[{"href":"https:\/\/jorart.cz\/cs\/wp-json\/wp\/v2\/types\/page"}],"author":[{"embeddable":true,"href":"https:\/\/jorart.cz\/cs\/wp-json\/wp\/v2\/users\/1"}],"replies":[{"embeddable":true,"href":"https:\/\/jorart.cz\/cs\/wp-json\/wp\/v2\/comments?post=736"}],"version-history":[{"count":7,"href":"https:\/\/jorart.cz\/cs\/wp-json\/wp\/v2\/pages\/736\/revisions"}],"predecessor-version":[{"id":829,"href":"https:\/\/jorart.cz\/cs\/wp-json\/wp\/v2\/pages\/736\/revisions\/829"}],"wp:attachment":[{"href":"https:\/\/jorart.cz\/cs\/wp-json\/wp\/v2\/media?parent=736"}],"curies":[{"name":"wp","href":"https:\/\/api.w.org\/{rel}","templated":true}]}}